{"id":4932,"date":"2024-09-30T18:38:32","date_gmt":"2024-09-30T18:38:32","guid":{"rendered":"https:\/\/sarpep.ca\/partners\/"},"modified":"2025-11-19T11:30:41","modified_gmt":"2025-11-19T16:30:41","slug":"partners","status":"publish","type":"page","link":"https:\/\/sarpep.ca\/en\/partners\/","title":{"rendered":"Partners"},"content":{"rendered":"\t\t<div data-elementor-type=\"wp-page\" data-elementor-id=\"4932\" class=\"elementor elementor-4932\" data-elementor-post-type=\"page\">\n\t\t\t\t<div class=\"elementor-element elementor-element-849a5c0 e-flex e-con-boxed e-con e-parent\" data-id=\"849a5c0\" data-element_type=\"container\" data-settings=\"{&quot;shape_divider_top&quot;:&quot;curve&quot;}\">\n\t\t\t\t\t<div class=\"e-con-inner\">\n\t\t\t\t<div class=\"elementor-shape elementor-shape-top\" data-negative=\"false\">\n\t\t\t<svg xmlns=\"http:\/\/www.w3.org\/2000\/svg\" viewBox=\"0 0 1000 100\" preserveAspectRatio=\"none\">\n    <path class=\"elementor-shape-fill\" d=\"M1000,4.3V0H0v4.3C0.9,23.1,126.7,99.2,500,100S1000,22.7,1000,4.3z\"\/>\n<\/svg>\t\t<\/div>\n\t\t\t\t<div class=\"elementor-element elementor-element-a0924dd elementor-widget elementor-widget-heading\" data-id=\"a0924dd\" data-element_type=\"widget\" data-widget_type=\"heading.default\">\n\t\t\t\t<div class=\"elementor-widget-container\">\n\t\t\t\t\t<h2 class=\"elementor-heading-title elementor-size-default\">Our partners<\/h2>\t\t\t\t<\/div>\n\t\t\t\t<\/div>\n\t\t\t\t\t<\/div>\n\t\t\t\t<\/div>\n\t\t<div class=\"elementor-element elementor-element-4b1c9ae e-flex e-con-boxed e-con e-parent\" data-id=\"4b1c9ae\" data-element_type=\"container\">\n\t\t\t\t\t<div class=\"e-con-inner\">\n\t\t\t\t<div class=\"elementor-element elementor-element-5e3dfb4 elementor-widget__width-inherit elementor-widget elementor-widget-heading\" data-id=\"5e3dfb4\" data-element_type=\"widget\" data-widget_type=\"heading.default\">\n\t\t\t\t<div class=\"elementor-widget-container\">\n\t\t\t\t\t<h3 class=\"elementor-heading-title elementor-size-default\">Affiliated academic circles<\/h3>\t\t\t\t<\/div>\n\t\t\t\t<\/div>\n\t\t\t\t\t<\/div>\n\t\t\t\t<\/div>\n\t\t<div class=\"elementor-element elementor-element-4dd414c e-flex e-con-boxed e-con e-parent\" data-id=\"4dd414c\" data-element_type=\"container\">\n\t\t\t\t\t<div class=\"e-con-inner\">\n\t\t\t\t<div class=\"elementor-element elementor-element-699464d elementor-widget elementor-widget-heading\" data-id=\"699464d\" data-element_type=\"widget\" data-widget_type=\"heading.default\">\n\t\t\t\t<div class=\"elementor-widget-container\">\n\t\t\t\t\t<h5 class=\"elementor-heading-title elementor-size-default\">Universities<\/h5>\t\t\t\t<\/div>\n\t\t\t\t<\/div>\n\t\t\t\t\t<\/div>\n\t\t\t\t<\/div>\n\t\t<div class=\"elementor-element elementor-element-2457479 e-grid e-con-boxed e-con e-parent\" data-id=\"2457479\" data-element_type=\"container\">\n\t\t\t\t\t<div class=\"e-con-inner\">\n\t\t\t\t<div class=\"elementor-element elementor-element-68b4ce2 elementor-widget elementor-widget-image\" data-id=\"68b4ce2\" data-element_type=\"widget\" data-widget_type=\"image.default\">\n\t\t\t\t<div class=\"elementor-widget-container\">\n\t\t\t\t\t\t\t\t\t\t\t\t\t\t\t\t<a href=\"https:\/\/www.umontreal.ca\" target=\"_blank\">\n\t\t\t\t\t\t\t<img decoding=\"async\" width=\"300\" height=\"142\" src=\"https:\/\/sarpep.ca\/wp-content\/uploads\/2024\/12\/UdeM-300x142.png\" class=\"attachment-medium size-medium wp-image-6121\" alt=\"Universit\u00e9 de Montr\u00e9al\" srcset=\"https:\/\/sarpep.ca\/wp-content\/uploads\/2024\/12\/UdeM-300x142.png 300w, https:\/\/sarpep.ca\/wp-content\/uploads\/2024\/12\/UdeM-1024x483.png 1024w, https:\/\/sarpep.ca\/wp-content\/uploads\/2024\/12\/UdeM-768x362.png 768w, https:\/\/sarpep.ca\/wp-content\/uploads\/2024\/12\/UdeM-1536x725.png 1536w, https:\/\/sarpep.ca\/wp-content\/uploads\/2024\/12\/UdeM-2048x966.png 2048w\" sizes=\"(max-width: 300px) 100vw, 300px\" \/>\t\t\t\t\t\t\t\t<\/a>\n\t\t\t\t\t\t\t\t\t\t\t\t\t\t\t<\/div>\n\t\t\t\t<\/div>\n\t\t\t\t<div class=\"elementor-element elementor-element-dd65940 elementor-widget elementor-widget-image\" data-id=\"dd65940\" data-element_type=\"widget\" data-widget_type=\"image.default\">\n\t\t\t\t<div class=\"elementor-widget-container\">\n\t\t\t\t\t\t\t\t\t\t\t\t\t\t\t\t<a href=\"https:\/\/mcgill.ca\" target=\"_blank\">\n\t\t\t\t\t\t\t<img decoding=\"async\" width=\"300\" height=\"71\" src=\"https:\/\/sarpep.ca\/wp-content\/uploads\/2024\/12\/mcgill-300x71.png\" class=\"attachment-medium size-medium wp-image-6117\" alt=\"McGill University\" srcset=\"https:\/\/sarpep.ca\/wp-content\/uploads\/2024\/12\/mcgill-300x71.png 300w, https:\/\/sarpep.ca\/wp-content\/uploads\/2024\/12\/mcgill-768x181.png 768w, https:\/\/sarpep.ca\/wp-content\/uploads\/2024\/12\/mcgill.png 1000w\" sizes=\"(max-width: 300px) 100vw, 300px\" \/>\t\t\t\t\t\t\t\t<\/a>\n\t\t\t\t\t\t\t\t\t\t\t\t\t\t\t<\/div>\n\t\t\t\t<\/div>\n\t\t\t\t<div class=\"elementor-element elementor-element-8994a6f elementor-widget elementor-widget-image\" data-id=\"8994a6f\" data-element_type=\"widget\" data-widget_type=\"image.default\">\n\t\t\t\t<div class=\"elementor-widget-container\">\n\t\t\t\t\t\t\t\t\t\t\t\t\t\t\t\t<a href=\"https:\/\/ulaval.ca\" target=\"_blank\">\n\t\t\t\t\t\t\t<img decoding=\"async\" width=\"300\" height=\"122\" src=\"https:\/\/sarpep.ca\/wp-content\/uploads\/2025\/01\/uLaval-300x122.png\" class=\"attachment-medium size-medium wp-image-6258\" alt=\"Universit\u00e9 Laval\" srcset=\"https:\/\/sarpep.ca\/wp-content\/uploads\/2025\/01\/uLaval-300x122.png 300w, https:\/\/sarpep.ca\/wp-content\/uploads\/2025\/01\/uLaval.png 574w\" sizes=\"(max-width: 300px) 100vw, 300px\" \/>\t\t\t\t\t\t\t\t<\/a>\n\t\t\t\t\t\t\t\t\t\t\t\t\t\t\t<\/div>\n\t\t\t\t<\/div>\n\t\t\t\t<div class=\"elementor-element elementor-element-7aeb740 elementor-widget elementor-widget-image\" data-id=\"7aeb740\" data-element_type=\"widget\" data-widget_type=\"image.default\">\n\t\t\t\t<div class=\"elementor-widget-container\">\n\t\t\t\t\t\t\t\t\t\t\t\t\t\t\t\t<a href=\"https:\/\/uqar.ca\" target=\"_blank\">\n\t\t\t\t\t\t\t<img loading=\"lazy\" decoding=\"async\" width=\"300\" height=\"200\" src=\"https:\/\/sarpep.ca\/wp-content\/uploads\/2024\/12\/UQAR-300x200.png\" class=\"attachment-medium size-medium wp-image-6010\" alt=\"UQAR - Universit\u00e9 du Qu\u00e9bec \u00e0 Rimouski\" srcset=\"https:\/\/sarpep.ca\/wp-content\/uploads\/2024\/12\/UQAR-300x200.png 300w, https:\/\/sarpep.ca\/wp-content\/uploads\/2024\/12\/UQAR-1024x683.png 1024w, https:\/\/sarpep.ca\/wp-content\/uploads\/2024\/12\/UQAR-768x512.png 768w, https:\/\/sarpep.ca\/wp-content\/uploads\/2024\/12\/UQAR.png 1200w\" sizes=\"(max-width: 300px) 100vw, 300px\" \/>\t\t\t\t\t\t\t\t<\/a>\n\t\t\t\t\t\t\t\t\t\t\t\t\t\t\t<\/div>\n\t\t\t\t<\/div>\n\t\t\t\t\t<\/div>\n\t\t\t\t<\/div>\n\t\t<div class=\"elementor-element elementor-element-b467c4a e-flex e-con-boxed e-con e-parent\" data-id=\"b467c4a\" data-element_type=\"container\">\n\t\t\t\t\t<div class=\"e-con-inner\">\n\t\t\t\t<div class=\"elementor-element elementor-element-c53cd04 elementor-widget elementor-widget-heading\" data-id=\"c53cd04\" data-element_type=\"widget\" data-widget_type=\"heading.default\">\n\t\t\t\t<div class=\"elementor-widget-container\">\n\t\t\t\t\t<h5 class=\"elementor-heading-title elementor-size-default\">Research centers<\/h5>\t\t\t\t<\/div>\n\t\t\t\t<\/div>\n\t\t\t\t\t<\/div>\n\t\t\t\t<\/div>\n\t\t<div class=\"elementor-element elementor-element-5165c73 e-grid e-con-boxed e-con e-parent\" data-id=\"5165c73\" data-element_type=\"container\">\n\t\t\t\t\t<div class=\"e-con-inner\">\n\t\t\t\t<div class=\"elementor-element elementor-element-3852bfb elementor-widget elementor-widget-image\" data-id=\"3852bfb\" data-element_type=\"widget\" data-widget_type=\"image.default\">\n\t\t\t\t<div class=\"elementor-widget-container\">\n\t\t\t\t\t\t\t\t\t\t\t\t\t\t\t\t<a href=\"https:\/\/www.chumontreal.qc.ca\/crchum\" target=\"_blank\">\n\t\t\t\t\t\t\t<img loading=\"lazy\" decoding=\"async\" width=\"300\" height=\"146\" src=\"https:\/\/sarpep.ca\/wp-content\/uploads\/2024\/12\/crchum-300x146.png\" class=\"attachment-medium size-medium wp-image-6129\" alt=\"CRCHUM - Centre de recherche du CHUM\" srcset=\"https:\/\/sarpep.ca\/wp-content\/uploads\/2024\/12\/crchum-300x146.png 300w, https:\/\/sarpep.ca\/wp-content\/uploads\/2024\/12\/crchum.png 369w\" sizes=\"(max-width: 300px) 100vw, 300px\" \/>\t\t\t\t\t\t\t\t<\/a>\n\t\t\t\t\t\t\t\t\t\t\t\t\t\t\t<\/div>\n\t\t\t\t<\/div>\n\t\t\t\t<div class=\"elementor-element elementor-element-a3d7c19 elementor-widget elementor-widget-image\" data-id=\"a3d7c19\" data-element_type=\"widget\" data-widget_type=\"image.default\">\n\t\t\t\t<div class=\"elementor-widget-container\">\n\t\t\t\t\t\t\t\t\t\t\t\t\t\t\t\t<a href=\"https:\/\/douglas.research.mcgill.ca\/fr\/a-propos\/welcome-to-the-douglas\/\" target=\"_blank\">\n\t\t\t\t\t\t\t<img loading=\"lazy\" decoding=\"async\" width=\"300\" height=\"150\" src=\"https:\/\/sarpep.ca\/wp-content\/uploads\/2025\/01\/douglas.png\" class=\"attachment-medium size-medium wp-image-6203\" alt=\"Douglas Research Centre\" \/>\t\t\t\t\t\t\t\t<\/a>\n\t\t\t\t\t\t\t\t\t\t\t\t\t\t\t<\/div>\n\t\t\t\t<\/div>\n\t\t\t\t<div class=\"elementor-element elementor-element-6f6344a elementor-widget elementor-widget-image\" data-id=\"6f6344a\" data-element_type=\"widget\" data-widget_type=\"image.default\">\n\t\t\t\t<div class=\"elementor-widget-container\">\n\t\t\t\t\t\t\t\t\t\t\t\t\t\t\t\t<a href=\"https:\/\/cervo.ulaval.ca\/fr\" target=\"_blank\">\n\t\t\t\t\t\t\t<img loading=\"lazy\" decoding=\"async\" width=\"300\" height=\"102\" src=\"https:\/\/sarpep.ca\/wp-content\/uploads\/2025\/01\/cervo-300x102.png\" class=\"attachment-medium size-medium wp-image-6205\" alt=\"Centre de recherche CERVO\" srcset=\"https:\/\/sarpep.ca\/wp-content\/uploads\/2025\/01\/cervo-300x102.png 300w, https:\/\/sarpep.ca\/wp-content\/uploads\/2025\/01\/cervo-1024x347.png 1024w, https:\/\/sarpep.ca\/wp-content\/uploads\/2025\/01\/cervo-768x260.png 768w, https:\/\/sarpep.ca\/wp-content\/uploads\/2025\/01\/cervo-1536x520.png 1536w, https:\/\/sarpep.ca\/wp-content\/uploads\/2025\/01\/cervo.png 1942w\" sizes=\"(max-width: 300px) 100vw, 300px\" \/>\t\t\t\t\t\t\t\t<\/a>\n\t\t\t\t\t\t\t\t\t\t\t\t\t\t\t<\/div>\n\t\t\t\t<\/div>\n\t\t\t\t<div class=\"elementor-element elementor-element-07a1eec elementor-widget elementor-widget-image\" data-id=\"07a1eec\" data-element_type=\"widget\" data-widget_type=\"image.default\">\n\t\t\t\t<div class=\"elementor-widget-container\">\n\t\t\t\t\t\t\t\t\t\t\t\t\t\t\t\t<a href=\"https:\/\/vitam.ulaval.ca\/\" target=\"_blank\">\n\t\t\t\t\t\t\t<img loading=\"lazy\" decoding=\"async\" width=\"207\" height=\"70\" src=\"https:\/\/sarpep.ca\/wp-content\/uploads\/2024\/12\/vitam.svg\" class=\"attachment-large size-large wp-image-6125\" alt=\"VITAM - Centre de recherche en sant\u00e9 durable\" \/>\t\t\t\t\t\t\t\t<\/a>\n\t\t\t\t\t\t\t\t\t\t\t\t\t\t\t<\/div>\n\t\t\t\t<\/div>\n\t\t\t\t\t<\/div>\n\t\t\t\t<\/div>\n\t\t<div class=\"elementor-element elementor-element-ed4e0e9 e-flex e-con-boxed e-con e-parent\" data-id=\"ed4e0e9\" data-element_type=\"container\">\n\t\t\t\t\t<div class=\"e-con-inner\">\n\t\t\t\t<div class=\"elementor-element elementor-element-b2dc4aa elementor-widget__width-inherit elementor-widget elementor-widget-heading\" data-id=\"b2dc4aa\" data-element_type=\"widget\" data-widget_type=\"heading.default\">\n\t\t\t\t<div class=\"elementor-widget-container\">\n\t\t\t\t\t<h3 class=\"elementor-heading-title elementor-size-default\">Partners<\/h3>\t\t\t\t<\/div>\n\t\t\t\t<\/div>\n\t\t\t\t\t<\/div>\n\t\t\t\t<\/div>\n\t\t<div class=\"elementor-element elementor-element-9c1374f e-grid e-con-boxed e-con e-parent\" data-id=\"9c1374f\" data-element_type=\"container\">\n\t\t\t\t\t<div class=\"e-con-inner\">\n\t\t\t\t<div class=\"elementor-element elementor-element-fe84c93 elementor-widget elementor-widget-image\" data-id=\"fe84c93\" data-element_type=\"widget\" data-widget_type=\"image.default\">\n\t\t\t\t<div class=\"elementor-widget-container\">\n\t\t\t\t\t\t\t\t\t\t\t\t\t\t\t\t<a href=\"https:\/\/www.msss.gouv.qc.ca\/\" target=\"_blank\">\n\t\t\t\t\t\t\t<img loading=\"lazy\" decoding=\"async\" width=\"300\" height=\"87\" src=\"https:\/\/sarpep.ca\/wp-content\/uploads\/2024\/12\/msss-300x87.png\" class=\"attachment-medium size-medium wp-image-6157\" alt=\"Sant\u00e9 et Services Sociaux Qu\u00e9bec\" srcset=\"https:\/\/sarpep.ca\/wp-content\/uploads\/2024\/12\/msss-300x87.png 300w, https:\/\/sarpep.ca\/wp-content\/uploads\/2024\/12\/msss-1024x298.png 1024w, https:\/\/sarpep.ca\/wp-content\/uploads\/2024\/12\/msss-768x224.png 768w, https:\/\/sarpep.ca\/wp-content\/uploads\/2024\/12\/msss-1536x447.png 1536w, https:\/\/sarpep.ca\/wp-content\/uploads\/2024\/12\/msss-2048x596.png 2048w\" sizes=\"(max-width: 300px) 100vw, 300px\" \/>\t\t\t\t\t\t\t\t<\/a>\n\t\t\t\t\t\t\t\t\t\t\t\t\t\t\t<\/div>\n\t\t\t\t<\/div>\n\t\t\t\t<div class=\"elementor-element elementor-element-8fda172 elementor-widget elementor-widget-image\" data-id=\"8fda172\" data-element_type=\"widget\" data-widget_type=\"image.default\">\n\t\t\t\t<div class=\"elementor-widget-container\">\n\t\t\t\t\t\t\t\t\t\t\t\t\t\t\t\t<a href=\"https:\/\/aqppep.ca\" target=\"_blank\">\n\t\t\t\t\t\t\t<img loading=\"lazy\" decoding=\"async\" width=\"300\" height=\"107\" src=\"https:\/\/sarpep.ca\/wp-content\/uploads\/2024\/12\/aqppep-300x107.png\" class=\"attachment-medium size-medium wp-image-6048\" alt=\"AQPPEP\" srcset=\"https:\/\/sarpep.ca\/wp-content\/uploads\/2024\/12\/aqppep-300x107.png 300w, https:\/\/sarpep.ca\/wp-content\/uploads\/2024\/12\/aqppep.png 419w\" sizes=\"(max-width: 300px) 100vw, 300px\" \/>\t\t\t\t\t\t\t\t<\/a>\n\t\t\t\t\t\t\t\t\t\t\t\t\t\t\t<\/div>\n\t\t\t\t<\/div>\n\t\t\t\t\t<\/div>\n\t\t\t\t<\/div>\n\t\t<div class=\"elementor-element elementor-element-4470398 e-flex e-con-boxed e-con e-parent\" data-id=\"4470398\" data-element_type=\"container\">\n\t\t\t\t\t<div class=\"e-con-inner\">\n\t\t\t\t<div class=\"elementor-element elementor-element-fd6a273 elementor-widget__width-inherit elementor-widget elementor-widget-heading\" data-id=\"fd6a273\" data-element_type=\"widget\" data-widget_type=\"heading.default\">\n\t\t\t\t<div class=\"elementor-widget-container\">\n\t\t\t\t\t<h3 class=\"elementor-heading-title elementor-size-default\">PAIRPEP partner organizations\n<\/h3>\t\t\t\t<\/div>\n\t\t\t\t<\/div>\n\t\t\t\t\t<\/div>\n\t\t\t\t<\/div>\n\t\t<div class=\"elementor-element elementor-element-cfae56d e-flex e-con-boxed e-con e-parent\" data-id=\"cfae56d\" data-element_type=\"container\">\n\t\t\t\t\t<div class=\"e-con-inner\">\n\t\t\t\t<div class=\"elementor-element elementor-element-3a1d08c elementor-widget elementor-widget-html\" data-id=\"3a1d08c\" data-element_type=\"widget\" data-widget_type=\"html.default\">\n\t\t\t\t<div class=\"elementor-widget-container\">\n\t\t\t\t\t  <style>\n    .custom-table {\n      width: 100%;\n      border-collapse: collapse;\n    }\n\n    .custom-table .header-cell, .custom-table .data-cell {\n      padding: 10px;\n      text-align: center;\n      border: 1px solid white;\n      border-bottom: 2px solid green;\n    }\n\n    .custom-table .col-1 {\n      width: 20%;\n    }\n    \n    .col-1 img {\n        width:150px;\n    }\n    \n    .col-2 {\n        color:rgb(25, 74, 122);\n        font-size:20px;\n    }\n\n    .custom-table .col-2 {\n      width: 40%;\n      text-align: left;\n    }\n    \n    .col-3 img, .col-4 img {\n        width:30px;\n    }\n\n    .custom-table .col-3, .custom-table .col-4, .custom-table .col-5 {\n      width: 12%;\n    }\n  <\/style>\n<table class=\"custom-table\">\n  <thead>\n    <tr>\n      <th class=\"header-cell col-1\"><\/th>\n      <th class=\"header-cell col-2\"><\/th>\n      <th class=\"header-cell col-3\">Services for peer support workers<\/th>\n<th class=\"header-cell col-4\">Services for family support workers<\/th>\n<th class=\"header-cell col-5\">Region covered<\/th>\n    <\/tr>\n  <\/thead>\n  <tbody>\n    <tr>\n      <td class=\"data-cell col-1\"><a href=\"https:\/\/www.google.com\/url?q=https:\/\/www.aqrp-sm.org\"><img decoding=\"async\" src=\"https:\/\/sarpep.ca\/wp-content\/uploads\/2024\/12\/AQRP.jpg\" alt=\"\" width=\"50\"><\/a><\/td>\n      <td class=\"data-cell col-2\">Association qu\u00e9b\u00e9coise pour la r\u00e9adaptation psychosociale (AQRP)<\/td>\n      <td class=\"data-cell col-3\"><img decoding=\"async\" src=\"https:\/\/sarpep.ca\/wp-content\/uploads\/2025\/02\/PA-2.svg\" alt=\"PSW\"><\/td>\n      <td class=\"data-cell col-4\"><img decoding=\"async\" src=\"https:\/\/sarpep.ca\/wp-content\/uploads\/2025\/02\/PAF.svg\" alt=\"FSW\"><\/td>\n      <td class=\"data-cell col-5\"><img decoding=\"async\" src=\"https:\/\/sarpep.ca\/wp-content\/uploads\/2025\/01\/qc.gif\" width=\"40\"><br>Quebec<\/td>\n    <\/tr>\n    <tr>\n      <td class=\"data-cell col-1\"><a href=\"https:\/\/www.google.com\/url?q=https:\/\/www.schizophrenie.qc.ca\/fr\"><img decoding=\"async\" src=\"https:\/\/sarpep.ca\/wp-content\/uploads\/2024\/12\/SQS-logo.jpg\" alt=\"\" width=\"50\"><\/a><\/td>\n      <td class=\"data-cell col-2\">Schizophrenia Society of Quebec (SQS)<\/td>\n      <td class=\"data-cell col-3\"><img decoding=\"async\" src=\"https:\/\/sarpep.ca\/wp-content\/uploads\/2025\/02\/PA-2.svg\" alt=\"PSW\"><\/td>\n      <td class=\"data-cell col-4\"><img decoding=\"async\" src=\"https:\/\/sarpep.ca\/wp-content\/uploads\/2025\/02\/PAF.svg\" alt=\"FSW\"><\/td>\n      <td class=\"data-cell col-5\"><img decoding=\"async\" src=\"https:\/\/sarpep.ca\/wp-content\/uploads\/2025\/01\/qc.gif\" width=\"40\"><br>Quebec<\/td>\n    <\/tr>\n    <tr>\n      <td class=\"data-cell col-1\"><a href=\"https:\/\/www.pairaidance.quebec\/\"><img decoding=\"async\" src=\"https:\/\/sarpep.ca\/wp-content\/uploads\/2024\/12\/Pair-aidance-quebec.png\" alt=\"\" width=\"50\"><\/a><\/td>\n      <td class=\"data-cell col-2\">Pair-aidance Qu\u00e9bec<\/td>\n      <td class=\"data-cell col-3\"><img decoding=\"async\" src=\"https:\/\/sarpep.ca\/wp-content\/uploads\/2025\/02\/PA-2.svg\" alt=\"PSW\"><\/td>\n      <td class=\"data-cell col-4\"><\/td>\n      <td class=\"data-cell col-5\"><img decoding=\"async\" src=\"https:\/\/sarpep.ca\/wp-content\/uploads\/2025\/01\/qc.gif\" width=\"40\"><br>Quebec<\/td>\n    <\/tr>\n    <tr>\n      <td class=\"data-cell col-1\"><a href=\"https:\/\/www.capsantementale.ca\/\"><img decoding=\"async\" src=\"https:\/\/sarpep.ca\/wp-content\/uploads\/2025\/01\/CAP-sante-mentale.png\" alt=\"\" width=\"50\"><\/a><\/td>\n      <td class=\"data-cell col-2\">CAP Sant\u00e9 mentale<\/td>\n      <td class=\"data-cell col-3\"><\/td>\n      <td class=\"data-cell col-4\"><img decoding=\"async\" src=\"https:\/\/sarpep.ca\/wp-content\/uploads\/2025\/02\/PAF.svg\" alt=\"FSW\"><\/td>\n      <td class=\"data-cell col-5\"><img decoding=\"async\" src=\"https:\/\/sarpep.ca\/wp-content\/uploads\/2025\/01\/qc.gif\" width=\"40\"><br>Quebec<\/td>\n    <\/tr>\n    <tr>\n      <td class=\"data-cell col-1\"><a href=\"https:\/\/www.arborescence.quebec\/\"><img decoding=\"async\" src=\"https:\/\/sarpep.ca\/wp-content\/uploads\/2024\/12\/Arborescence.png\" alt=\"\" width=\"50\"><\/a><\/td>\n      <td class=\"data-cell col-2\">Arborescence<\/td>\n      <td class=\"data-cell col-3\"><\/td>\n      <td class=\"data-cell col-4\"><img decoding=\"async\" src=\"https:\/\/sarpep.ca\/wp-content\/uploads\/2025\/02\/PAF.svg\" alt=\"FSW\"><\/td>\n      <td class=\"data-cell col-5\"><img decoding=\"async\" src=\"https:\/\/sarpep.ca\/wp-content\/uploads\/2025\/01\/mtl.png\" width=\"60\"><br>Montr\u00e9al<\/td>\n    <\/tr>\n    <tr>\n      <td class=\"data-cell col-1\"><a href=\"https:\/\/amiquebec.org\/\"><img decoding=\"async\" src=\"https:\/\/sarpep.ca\/wp-content\/uploads\/2024\/12\/AMI-quebec.jpg\" alt=\"\" width=\"50\"><\/a><\/td>\n      <td class=\"data-cell col-2\">AMI-Qu\u00e9bec<\/td>\n      <td class=\"data-cell col-3\"><\/td>\n      <td class=\"data-cell col-4\"><img decoding=\"async\" src=\"https:\/\/sarpep.ca\/wp-content\/uploads\/2025\/02\/PAF.svg\" alt=\"FSW\"><\/td>\n      <td class=\"data-cell col-5\"><img decoding=\"async\" src=\"https:\/\/sarpep.ca\/wp-content\/uploads\/2025\/01\/mtl.png\" width=\"60\"><br>Montr\u00e9al<\/td>\n    <\/tr>\n  <\/tbody>\n<\/table>\n\n\n\t\t\t\t<\/div>\n\t\t\t\t<\/div>\n\t\t\t\t\t<\/div>\n\t\t\t\t<\/div>\n\t\t\t\t<\/div>\n\t\t","protected":false},"excerpt":{"rendered":"<p>Our partners Affiliated academic circles Universities Research centers Partners PAIRPEP partner organizations Association qu\u00e9b\u00e9coise pour la r\u00e9adaptation psychosociale (AQRP) Peer support Family peer support Quebec Schizophrenia Society of Quebec (SQS) Peer support Family peer support Quebec Pair-aidance Qu\u00e9bec Peer support Quebec CAP Sant\u00e9 mentale Family peer support Quebec Arborescence Family peer support Montr\u00e9al AMI-Qu\u00e9bec Family &#8230; <a title=\"Partners\" class=\"read-more\" href=\"https:\/\/sarpep.ca\/en\/partners\/\" aria-label=\"Read more about Partners\">Read more<\/a><\/p>\n","protected":false},"author":11,"featured_media":0,"parent":0,"menu_order":0,"comment_status":"closed","ping_status":"closed","template":"","meta":{"footnotes":""},"class_list":["post-4932","page","type-page","status-publish"],"_links":{"self":[{"href":"https:\/\/sarpep.ca\/en\/wp-json\/wp\/v2\/pages\/4932","targetHints":{"allow":["GET"]}}],"collection":[{"href":"https:\/\/sarpep.ca\/en\/wp-json\/wp\/v2\/pages"}],"about":[{"href":"https:\/\/sarpep.ca\/en\/wp-json\/wp\/v2\/types\/page"}],"author":[{"embeddable":true,"href":"https:\/\/sarpep.ca\/en\/wp-json\/wp\/v2\/users\/11"}],"replies":[{"embeddable":true,"href":"https:\/\/sarpep.ca\/en\/wp-json\/wp\/v2\/comments?post=4932"}],"version-history":[{"count":20,"href":"https:\/\/sarpep.ca\/en\/wp-json\/wp\/v2\/pages\/4932\/revisions"}],"predecessor-version":[{"id":11289,"href":"https:\/\/sarpep.ca\/en\/wp-json\/wp\/v2\/pages\/4932\/revisions\/11289"}],"wp:attachment":[{"href":"https:\/\/sarpep.ca\/en\/wp-json\/wp\/v2\/media?parent=4932"}],"curies":[{"name":"wp","href":"https:\/\/api.w.org\/{rel}","templated":true}]}}