{"id":4926,"date":"2024-09-30T18:35:08","date_gmt":"2024-09-30T18:35:08","guid":{"rendered":"https:\/\/sarpep.ca\/donors\/"},"modified":"2025-11-19T11:30:02","modified_gmt":"2025-11-19T16:30:02","slug":"donors","status":"publish","type":"page","link":"https:\/\/sarpep.ca\/en\/donors\/","title":{"rendered":"Funding"},"content":{"rendered":"\t\t<div data-elementor-type=\"wp-page\" data-elementor-id=\"4926\" class=\"elementor elementor-4926\" data-elementor-post-type=\"page\">\n\t\t\t\t<div class=\"elementor-element elementor-element-b49914a e-flex e-con-boxed e-con e-parent\" data-id=\"b49914a\" data-element_type=\"container\" data-settings=\"{&quot;shape_divider_top&quot;:&quot;curve&quot;}\">\n\t\t\t\t\t<div class=\"e-con-inner\">\n\t\t\t\t<div class=\"elementor-shape elementor-shape-top\" data-negative=\"false\">\n\t\t\t<svg xmlns=\"http:\/\/www.w3.org\/2000\/svg\" viewBox=\"0 0 1000 100\" preserveAspectRatio=\"none\">\n    <path class=\"elementor-shape-fill\" d=\"M1000,4.3V0H0v4.3C0.9,23.1,126.7,99.2,500,100S1000,22.7,1000,4.3z\"\/>\n<\/svg>\t\t<\/div>\n\t\t\t\t<div class=\"elementor-element elementor-element-8467e29 elementor-widget elementor-widget-heading\" data-id=\"8467e29\" data-element_type=\"widget\" data-widget_type=\"heading.default\">\n\t\t\t\t<div class=\"elementor-widget-container\">\n\t\t\t\t\t<h2 class=\"elementor-heading-title elementor-size-default\">Funding<\/h2>\t\t\t\t<\/div>\n\t\t\t\t<\/div>\n\t\t\t\t\t<\/div>\n\t\t\t\t<\/div>\n\t\t<div class=\"elementor-element elementor-element-4b1c9ae e-flex e-con-boxed e-con e-parent\" data-id=\"4b1c9ae\" data-element_type=\"container\">\n\t\t\t\t\t<div class=\"e-con-inner\">\n\t\t\t\t<div class=\"elementor-element elementor-element-5e3dfb4 elementor-widget__width-inherit elementor-widget elementor-widget-heading\" data-id=\"5e3dfb4\" data-element_type=\"widget\" data-widget_type=\"heading.default\">\n\t\t\t\t<div class=\"elementor-widget-container\">\n\t\t\t\t\t<h3 class=\"elementor-heading-title elementor-size-default\">Funding and donors SARPEP<\/h3>\t\t\t\t<\/div>\n\t\t\t\t<\/div>\n\t\t\t\t\t<\/div>\n\t\t\t\t<\/div>\n\t\t<div class=\"elementor-element elementor-element-9eb8839 e-flex e-con-boxed e-con e-parent\" data-id=\"9eb8839\" data-element_type=\"container\" data-settings=\"{&quot;background_background&quot;:&quot;classic&quot;}\">\n\t\t\t\t\t<div class=\"e-con-inner\">\n\t\t\t\t<div class=\"elementor-element elementor-element-a118d52 elementor-widget elementor-widget-heading\" data-id=\"a118d52\" data-element_type=\"widget\" data-widget_type=\"heading.default\">\n\t\t\t\t<div class=\"elementor-widget-container\">\n\t\t\t\t\t<h4 class=\"elementor-heading-title elementor-size-default\">2022-2024<\/h4>\t\t\t\t<\/div>\n\t\t\t\t<\/div>\n\t\t\t\t\t<\/div>\n\t\t\t\t<\/div>\n\t\t<div class=\"elementor-element elementor-element-f7265f1 e-flex e-con-boxed e-con e-parent\" data-id=\"f7265f1\" data-element_type=\"container\">\n\t\t\t\t\t<div class=\"e-con-inner\">\n\t\t\t\t<div class=\"elementor-element elementor-element-3708e1c elementor-widget elementor-widget-image\" data-id=\"3708e1c\" data-element_type=\"widget\" data-widget_type=\"image.default\">\n\t\t\t\t<div class=\"elementor-widget-container\">\n\t\t\t\t\t\t\t\t\t\t\t\t\t\t\t<img decoding=\"async\" width=\"300\" height=\"87\" src=\"https:\/\/sarpep.ca\/wp-content\/uploads\/2024\/12\/msss-300x87.png\" class=\"attachment-medium size-medium wp-image-6157\" alt=\"Sant\u00e9 et Services Sociaux Qu\u00e9bec\" srcset=\"https:\/\/sarpep.ca\/wp-content\/uploads\/2024\/12\/msss-300x87.png 300w, https:\/\/sarpep.ca\/wp-content\/uploads\/2024\/12\/msss-1024x298.png 1024w, https:\/\/sarpep.ca\/wp-content\/uploads\/2024\/12\/msss-768x224.png 768w, https:\/\/sarpep.ca\/wp-content\/uploads\/2024\/12\/msss-1536x447.png 1536w, https:\/\/sarpep.ca\/wp-content\/uploads\/2024\/12\/msss-2048x596.png 2048w\" sizes=\"(max-width: 300px) 100vw, 300px\" \/>\t\t\t\t\t\t\t\t\t\t\t\t\t\t\t<\/div>\n\t\t\t\t<\/div>\n\t\t\t\t\t<\/div>\n\t\t\t\t<\/div>\n\t\t<div class=\"elementor-element elementor-element-29ee7f6 e-grid e-con-boxed e-con e-parent\" data-id=\"29ee7f6\" data-element_type=\"container\">\n\t\t\t\t\t<div class=\"e-con-inner\">\n\t\t\t\t<div class=\"elementor-element elementor-element-e605f21 elementor-widget elementor-widget-image\" data-id=\"e605f21\" data-element_type=\"widget\" data-widget_type=\"image.default\">\n\t\t\t\t<div class=\"elementor-widget-container\">\n\t\t\t\t\t\t\t\t\t\t\t\t\t\t\t<img decoding=\"async\" width=\"300\" height=\"109\" src=\"https:\/\/sarpep.ca\/wp-content\/uploads\/2025\/01\/Biron-300x109.png\" class=\"attachment-medium size-medium wp-image-6274\" alt=\"Biron\" srcset=\"https:\/\/sarpep.ca\/wp-content\/uploads\/2025\/01\/Biron-300x109.png 300w, https:\/\/sarpep.ca\/wp-content\/uploads\/2025\/01\/Biron-768x280.png 768w, https:\/\/sarpep.ca\/wp-content\/uploads\/2025\/01\/Biron.png 866w\" sizes=\"(max-width: 300px) 100vw, 300px\" \/>\t\t\t\t\t\t\t\t\t\t\t\t\t\t\t<\/div>\n\t\t\t\t<\/div>\n\t\t\t\t<div class=\"elementor-element elementor-element-0607267 elementor-widget elementor-widget-image\" data-id=\"0607267\" data-element_type=\"widget\" data-widget_type=\"image.default\">\n\t\t\t\t<div class=\"elementor-widget-container\">\n\t\t\t\t\t\t\t\t\t\t\t\t\t\t\t<img decoding=\"async\" width=\"300\" height=\"63\" src=\"https:\/\/sarpep.ca\/wp-content\/uploads\/2024\/12\/medteq-1-300x63.png\" class=\"attachment-medium size-medium wp-image-6093\" alt=\"MEDTEQ\" srcset=\"https:\/\/sarpep.ca\/wp-content\/uploads\/2024\/12\/medteq-1-300x63.png 300w, https:\/\/sarpep.ca\/wp-content\/uploads\/2024\/12\/medteq-1-768x161.png 768w, https:\/\/sarpep.ca\/wp-content\/uploads\/2024\/12\/medteq-1.png 1000w\" sizes=\"(max-width: 300px) 100vw, 300px\" \/>\t\t\t\t\t\t\t\t\t\t\t\t\t\t\t<\/div>\n\t\t\t\t<\/div>\n\t\t\t\t<div class=\"elementor-element elementor-element-090317e elementor-widget elementor-widget-image\" data-id=\"090317e\" data-element_type=\"widget\" data-widget_type=\"image.default\">\n\t\t\t\t<div class=\"elementor-widget-container\">\n\t\t\t\t\t\t\t\t\t\t\t\t\t\t\t<img loading=\"lazy\" decoding=\"async\" width=\"300\" height=\"190\" src=\"https:\/\/sarpep.ca\/wp-content\/uploads\/2024\/12\/Famille-Godin.webp\" class=\"attachment-medium size-medium wp-image-6136\" alt=\"Fondation Famille Godin\" \/>\t\t\t\t\t\t\t\t\t\t\t\t\t\t\t<\/div>\n\t\t\t\t<\/div>\n\t\t\t\t<div class=\"elementor-element elementor-element-8529c78 elementor-widget elementor-widget-image\" data-id=\"8529c78\" data-element_type=\"widget\" data-widget_type=\"image.default\">\n\t\t\t\t<div class=\"elementor-widget-container\">\n\t\t\t\t\t\t\t\t\t\t\t\t\t\t\t<img decoding=\"async\" src=\"https:\/\/sarpep.ca\/wp-content\/uploads\/2024\/12\/Fondation-du-CHUM.jpg\" title=\"\" alt=\"Fondation du CHUM\" loading=\"lazy\" \/>\t\t\t\t\t\t\t\t\t\t\t\t\t\t\t<\/div>\n\t\t\t\t<\/div>\n\t\t\t\t\t<\/div>\n\t\t\t\t<\/div>\n\t\t<div class=\"elementor-element elementor-element-deda451 e-flex e-con-boxed e-con e-parent\" data-id=\"deda451\" data-element_type=\"container\">\n\t\t\t\t\t<div class=\"e-con-inner\">\n\t\t\t\t<div class=\"elementor-element elementor-element-c4390c1 elementor-widget elementor-widget-heading\" data-id=\"c4390c1\" data-element_type=\"widget\" data-widget_type=\"heading.default\">\n\t\t\t\t<div class=\"elementor-widget-container\">\n\t\t\t\t\t<h4 class=\"elementor-heading-title elementor-size-default\">2019-2021<br>Pilot project funding<\/h4>\t\t\t\t<\/div>\n\t\t\t\t<\/div>\n\t\t\t\t\t<\/div>\n\t\t\t\t<\/div>\n\t\t<div class=\"elementor-element elementor-element-3b26e13 e-flex e-con-boxed e-con e-parent\" data-id=\"3b26e13\" data-element_type=\"container\">\n\t\t\t\t\t<div class=\"e-con-inner\">\n\t\t\t\t<div class=\"elementor-element elementor-element-64ca477 elementor-widget elementor-widget-image\" data-id=\"64ca477\" data-element_type=\"widget\" data-widget_type=\"image.default\">\n\t\t\t\t<div class=\"elementor-widget-container\">\n\t\t\t\t\t\t\t\t\t\t\t\t\t\t\t<img loading=\"lazy\" decoding=\"async\" width=\"300\" height=\"115\" src=\"https:\/\/sarpep.ca\/wp-content\/uploads\/2024\/12\/frq-300x115.png\" class=\"attachment-medium size-medium wp-image-6131\" alt=\"Fonds de recherche Qu\u00e9bec\" srcset=\"https:\/\/sarpep.ca\/wp-content\/uploads\/2024\/12\/frq-300x115.png 300w, https:\/\/sarpep.ca\/wp-content\/uploads\/2024\/12\/frq-1024x392.png 1024w, https:\/\/sarpep.ca\/wp-content\/uploads\/2024\/12\/frq-768x294.png 768w, https:\/\/sarpep.ca\/wp-content\/uploads\/2024\/12\/frq.png 1034w\" sizes=\"(max-width: 300px) 100vw, 300px\" \/>\t\t\t\t\t\t\t\t\t\t\t\t\t\t\t<\/div>\n\t\t\t\t<\/div>\n\t\t\t\t\t<\/div>\n\t\t\t\t<\/div>\n\t\t<div class=\"elementor-element elementor-element-4470398 e-flex e-con-boxed e-con e-parent\" data-id=\"4470398\" data-element_type=\"container\">\n\t\t\t\t\t<div class=\"e-con-inner\">\n\t\t\t\t<div class=\"elementor-element elementor-element-fd6a273 elementor-widget__width-inherit elementor-widget elementor-widget-heading\" data-id=\"fd6a273\" data-element_type=\"widget\" data-widget_type=\"heading.default\">\n\t\t\t\t<div class=\"elementor-widget-container\">\n\t\t\t\t\t<h3 class=\"elementor-heading-title elementor-size-default\">Funding and PAIRPEP donors<\/h3>\t\t\t\t<\/div>\n\t\t\t\t<\/div>\n\t\t\t\t\t<\/div>\n\t\t\t\t<\/div>\n\t\t<div class=\"elementor-element elementor-element-b8eb97f e-flex e-con-boxed e-con e-parent\" data-id=\"b8eb97f\" data-element_type=\"container\">\n\t\t\t\t\t<div class=\"e-con-inner\">\n\t\t<div class=\"elementor-element elementor-element-fa9ef7c e-con-full e-flex e-con e-child\" data-id=\"fa9ef7c\" data-element_type=\"container\">\n\t\t\t\t<div class=\"elementor-element elementor-element-6fdc5b9 elementor-widget elementor-widget-image\" data-id=\"6fdc5b9\" data-element_type=\"widget\" data-widget_type=\"image.default\">\n\t\t\t\t<div class=\"elementor-widget-container\">\n\t\t\t\t\t\t\t\t\t\t\t\t\t\t\t\t<a href=\"https:\/\/reseau.umontreal.ca\/\">\n\t\t\t\t\t\t\t<img loading=\"lazy\" decoding=\"async\" width=\"300\" height=\"150\" src=\"https:\/\/sarpep.ca\/wp-content\/uploads\/2024\/12\/Reseau-des-diplome-et-des-donateurs-UdeM-300x150.png\" class=\"attachment-medium size-medium wp-image-6062\" alt=\"R\u00e9seau des dipl\u00f4m\u00e9s et des donateurs - Universit\u00e9 de Montr\u00e9al\" srcset=\"https:\/\/sarpep.ca\/wp-content\/uploads\/2024\/12\/Reseau-des-diplome-et-des-donateurs-UdeM-300x150.png 300w, https:\/\/sarpep.ca\/wp-content\/uploads\/2024\/12\/Reseau-des-diplome-et-des-donateurs-UdeM-1024x512.png 1024w, https:\/\/sarpep.ca\/wp-content\/uploads\/2024\/12\/Reseau-des-diplome-et-des-donateurs-UdeM-768x384.png 768w, https:\/\/sarpep.ca\/wp-content\/uploads\/2024\/12\/Reseau-des-diplome-et-des-donateurs-UdeM.png 1200w\" sizes=\"(max-width: 300px) 100vw, 300px\" \/>\t\t\t\t\t\t\t\t<\/a>\n\t\t\t\t\t\t\t\t\t\t\t\t\t\t\t<\/div>\n\t\t\t\t<\/div>\n\t\t\t\t<\/div>\n\t\t<div class=\"elementor-element elementor-element-9cb24bb e-con-full e-flex e-con e-child\" data-id=\"9cb24bb\" data-element_type=\"container\">\n\t\t\t\t<div class=\"elementor-element elementor-element-f32210e elementor-widget elementor-widget-text-editor\" data-id=\"f32210e\" data-element_type=\"widget\" data-widget_type=\"text-editor.default\">\n\t\t\t\t<div class=\"elementor-widget-container\">\n\t\t\t\t\t\t\t\t\t<p><span style=\"font-weight: 400;\">The R\u00e9seau des dipl\u00f4m\u00e9s et des donateurs de l&#8217;Universit\u00e9 de Montr\u00e9al was able to raise $900,000 over 3 years to support the PAIRPEP project. We would like to thank the Graham Boeckh, Rossy, Echo and Hewitt foundations for their generous donations.<\/span><\/p>\n\t\t\t\t\t\t\t\t<\/div>\n\t\t\t\t<\/div>\n\t\t\t\t<\/div>\n\t\t\t\t\t<\/div>\n\t\t\t\t<\/div>\n\t\t<div class=\"elementor-element elementor-element-cca9adb e-grid e-con-boxed e-con e-parent\" data-id=\"cca9adb\" data-element_type=\"container\">\n\t\t\t\t\t<div class=\"e-con-inner\">\n\t\t\t\t<div class=\"elementor-element elementor-element-e304cdf elementor-widget elementor-widget-image\" data-id=\"e304cdf\" data-element_type=\"widget\" data-widget_type=\"image.default\">\n\t\t\t\t<div class=\"elementor-widget-container\">\n\t\t\t\t\t\t\t\t\t\t\t\t\t\t\t<img loading=\"lazy\" decoding=\"async\" width=\"300\" height=\"139\" src=\"https:\/\/sarpep.ca\/wp-content\/uploads\/2025\/01\/Graham-Boeckh-300x139.png\" class=\"attachment-medium size-medium wp-image-6266\" alt=\"Fondation Graham Boeckh Foundation\" srcset=\"https:\/\/sarpep.ca\/wp-content\/uploads\/2025\/01\/Graham-Boeckh-300x139.png 300w, https:\/\/sarpep.ca\/wp-content\/uploads\/2025\/01\/Graham-Boeckh.png 400w\" sizes=\"(max-width: 300px) 100vw, 300px\" \/>\t\t\t\t\t\t\t\t\t\t\t\t\t\t\t<\/div>\n\t\t\t\t<\/div>\n\t\t\t\t<div class=\"elementor-element elementor-element-43977b7 elementor-widget elementor-widget-image\" data-id=\"43977b7\" data-element_type=\"widget\" data-widget_type=\"image.default\">\n\t\t\t\t<div class=\"elementor-widget-container\">\n\t\t\t\t\t\t\t\t\t\t\t\t\t\t\t<img loading=\"lazy\" decoding=\"async\" width=\"300\" height=\"82\" src=\"https:\/\/sarpep.ca\/wp-content\/uploads\/2024\/12\/Hewitt-300x82.png\" class=\"attachment-medium size-medium wp-image-6138\" alt=\"Fondation Hewitt Foundation\" srcset=\"https:\/\/sarpep.ca\/wp-content\/uploads\/2024\/12\/Hewitt-300x82.png 300w, https:\/\/sarpep.ca\/wp-content\/uploads\/2024\/12\/Hewitt-1024x281.png 1024w, https:\/\/sarpep.ca\/wp-content\/uploads\/2024\/12\/Hewitt-768x211.png 768w, https:\/\/sarpep.ca\/wp-content\/uploads\/2024\/12\/Hewitt.png 1178w\" sizes=\"(max-width: 300px) 100vw, 300px\" \/>\t\t\t\t\t\t\t\t\t\t\t\t\t\t\t<\/div>\n\t\t\t\t<\/div>\n\t\t\t\t<div class=\"elementor-element elementor-element-1e6971f elementor-widget elementor-widget-image\" data-id=\"1e6971f\" data-element_type=\"widget\" data-widget_type=\"image.default\">\n\t\t\t\t<div class=\"elementor-widget-container\">\n\t\t\t\t\t\t\t\t\t\t\t\t\t\t\t<img loading=\"lazy\" decoding=\"async\" width=\"244\" height=\"250\" src=\"https:\/\/sarpep.ca\/wp-content\/uploads\/2024\/12\/Rossy.jpg\" class=\"attachment-medium size-medium wp-image-6095\" alt=\"Fondation de la famille Rossy\" \/>\t\t\t\t\t\t\t\t\t\t\t\t\t\t\t<\/div>\n\t\t\t\t<\/div>\n\t\t\t\t<div class=\"elementor-element elementor-element-49cc73f elementor-widget elementor-widget-image\" data-id=\"49cc73f\" data-element_type=\"widget\" data-widget_type=\"image.default\">\n\t\t\t\t<div class=\"elementor-widget-container\">\n\t\t\t\t\t\t\t\t\t\t\t\t\t\t\t<img loading=\"lazy\" decoding=\"async\" width=\"300\" height=\"68\" src=\"https:\/\/sarpep.ca\/wp-content\/uploads\/2025\/01\/ECHO-300x68.png\" class=\"attachment-medium size-medium wp-image-6272\" alt=\"Fondation ECHO Foundation\" srcset=\"https:\/\/sarpep.ca\/wp-content\/uploads\/2025\/01\/ECHO-300x68.png 300w, https:\/\/sarpep.ca\/wp-content\/uploads\/2025\/01\/ECHO-1024x232.png 1024w, https:\/\/sarpep.ca\/wp-content\/uploads\/2025\/01\/ECHO-768x174.png 768w, https:\/\/sarpep.ca\/wp-content\/uploads\/2025\/01\/ECHO-1536x347.png 1536w, https:\/\/sarpep.ca\/wp-content\/uploads\/2025\/01\/ECHO-2048x463.png 2048w\" sizes=\"(max-width: 300px) 100vw, 300px\" \/>\t\t\t\t\t\t\t\t\t\t\t\t\t\t\t<\/div>\n\t\t\t\t<\/div>\n\t\t\t\t\t<\/div>\n\t\t\t\t<\/div>\n\t\t\t\t<\/div>\n\t\t","protected":false},"excerpt":{"rendered":"<p>Funding Funding and donors SARPEP 2022-2024 2019-2021Pilot project funding Funding and PAIRPEP donors The Universit\u00e9 de Montr\u00e9al Alumni and Donor Network has raised funding to support the PAIRPEP project. We would like to thank the Graham Boeckh, Rossy, Echo and Hewitt foundations for their generous donations.<\/p>\n","protected":false},"author":11,"featured_media":0,"parent":0,"menu_order":0,"comment_status":"closed","ping_status":"closed","template":"","meta":{"footnotes":""},"class_list":["post-4926","page","type-page","status-publish"],"_links":{"self":[{"href":"https:\/\/sarpep.ca\/en\/wp-json\/wp\/v2\/pages\/4926","targetHints":{"allow":["GET"]}}],"collection":[{"href":"https:\/\/sarpep.ca\/en\/wp-json\/wp\/v2\/pages"}],"about":[{"href":"https:\/\/sarpep.ca\/en\/wp-json\/wp\/v2\/types\/page"}],"author":[{"embeddable":true,"href":"https:\/\/sarpep.ca\/en\/wp-json\/wp\/v2\/users\/11"}],"replies":[{"embeddable":true,"href":"https:\/\/sarpep.ca\/en\/wp-json\/wp\/v2\/comments?post=4926"}],"version-history":[{"count":21,"href":"https:\/\/sarpep.ca\/en\/wp-json\/wp\/v2\/pages\/4926\/revisions"}],"predecessor-version":[{"id":11295,"href":"https:\/\/sarpep.ca\/en\/wp-json\/wp\/v2\/pages\/4926\/revisions\/11295"}],"wp:attachment":[{"href":"https:\/\/sarpep.ca\/en\/wp-json\/wp\/v2\/media?parent=4926"}],"curies":[{"name":"wp","href":"https:\/\/api.w.org\/{rel}","templated":true}]}}