{"id":11260,"date":"2025-06-18T16:08:20","date_gmt":"2025-06-18T20:08:20","guid":{"rendered":"https:\/\/sarpep.ca\/youth-family-support\/"},"modified":"2025-10-24T15:24:33","modified_gmt":"2025-10-24T19:24:33","slug":"youth-family-support","status":"publish","type":"page","link":"https:\/\/sarpep.ca\/en\/youth-family-support\/","title":{"rendered":"Youth &amp; Family Support"},"content":{"rendered":"\t\t<div data-elementor-type=\"wp-page\" data-elementor-id=\"11260\" class=\"elementor elementor-11260\" data-elementor-post-type=\"page\">\n\t\t\t\t<div class=\"elementor-element elementor-element-849a5c0 e-flex e-con-boxed e-con e-parent\" data-id=\"849a5c0\" data-element_type=\"container\" data-settings=\"{&quot;shape_divider_top&quot;:&quot;curve&quot;}\">\n\t\t\t\t\t<div class=\"e-con-inner\">\n\t\t\t\t<div class=\"elementor-shape elementor-shape-top\" data-negative=\"false\">\n\t\t\t<svg xmlns=\"http:\/\/www.w3.org\/2000\/svg\" viewBox=\"0 0 1000 100\" preserveAspectRatio=\"none\">\n    <path class=\"elementor-shape-fill\" d=\"M1000,4.3V0H0v4.3C0.9,23.1,126.7,99.2,500,100S1000,22.7,1000,4.3z\"\/>\n<\/svg>\t\t<\/div>\n\t\t\t\t<div class=\"elementor-element elementor-element-a0924dd elementor-widget elementor-widget-heading\" data-id=\"a0924dd\" data-element_type=\"widget\" data-widget_type=\"heading.default\">\n\t\t\t\t<div class=\"elementor-widget-container\">\n\t\t\t\t\t<h2 class=\"elementor-heading-title elementor-size-default\">SOutien aux jeunes &amp; proches<\/h2>\t\t\t\t<\/div>\n\t\t\t\t<\/div>\n\t\t\t\t\t<\/div>\n\t\t\t\t<\/div>\n\t\t<div class=\"elementor-element elementor-element-e32de1e e-flex e-con-boxed e-con e-parent\" data-id=\"e32de1e\" data-element_type=\"container\">\n\t\t\t\t\t<div class=\"e-con-inner\">\n\t\t\t\t<div class=\"elementor-element elementor-element-f6a68b3 elementor-widget elementor-widget-text-editor\" data-id=\"f6a68b3\" data-element_type=\"widget\" data-widget_type=\"text-editor.default\">\n\t\t\t\t<div class=\"elementor-widget-container\">\n\t\t\t\t\t\t\t\t\t<p style=\"font-size: 30px; font-weight: 600; color: #1c6c20; margin-bottom: 0px;\">Vous aussi avez besoin d\u2019accompagnement?<\/p>\t\t\t\t\t\t\t\t<\/div>\n\t\t\t\t<\/div>\n\t\t\t\t<div class=\"elementor-element elementor-element-1041373 elementor-widget elementor-widget-text-editor\" data-id=\"1041373\" data-element_type=\"widget\" data-widget_type=\"text-editor.default\">\n\t\t\t\t<div class=\"elementor-widget-container\">\n\t\t\t\t\t\t\t\t\t<p style=\"font-size: 30px; font-weight: 600; color: #038f91; margin-bottom: 0px; margin-top: 0px;\">Vous souhaitez accompagner?<\/p>\t\t\t\t\t\t\t\t<\/div>\n\t\t\t\t<\/div>\n\t\t\t\t<div class=\"elementor-element elementor-element-fd6a273 elementor-widget__width-inherit elementor-widget elementor-widget-heading\" data-id=\"fd6a273\" data-element_type=\"widget\" data-widget_type=\"heading.default\">\n\t\t\t\t<div class=\"elementor-widget-container\">\n\t\t\t\t\t<h3 class=\"elementor-heading-title elementor-size-default\">Consultez ces ressources<\/h3>\t\t\t\t<\/div>\n\t\t\t\t<\/div>\n\t\t\t\t\t<\/div>\n\t\t\t\t<\/div>\n\t\t<div class=\"elementor-element elementor-element-cfae56d e-flex e-con-boxed e-con e-parent\" data-id=\"cfae56d\" data-element_type=\"container\">\n\t\t\t\t\t<div class=\"e-con-inner\">\n\t\t\t\t<div class=\"elementor-element elementor-element-3a1d08c elementor-widget elementor-widget-html\" data-id=\"3a1d08c\" data-element_type=\"widget\" data-widget_type=\"html.default\">\n\t\t\t\t<div class=\"elementor-widget-container\">\n\t\t\t\t\t  <style>\r\n    .custom-table {\r\n      width: 100%;\r\n      border-collapse: collapse;\r\n    }\r\n\r\n    .custom-table .header-cell, .custom-table .data-cell {\r\n      padding: 10px;\r\n      text-align: center;\r\n      border: 1px solid white;\r\n      border-bottom: 2px solid green;\r\n    }\r\n\r\n    .custom-table .col-1 {\r\n      width: 20%;\r\n    }\r\n    \r\n    .col-1 img {\r\n        width:150px;\r\n    }\r\n    \r\n    .col-2 {\r\n        color:rgb(25, 74, 122);\r\n        font-size:20px;\r\n    }\r\n\r\n    .custom-table .col-2 {\r\n      width: 40%;\r\n      text-align: left;\r\n    }\r\n    \r\n    .col-3 img, .col-4 img {\r\n        width:30px;\r\n    }\r\n\r\n    .custom-table .col-3, .custom-table .col-4, .custom-table .col-5 {\r\n      width: 12%;\r\n    }\r\n  <\/style>\r\n<table class=\"custom-table\">\r\n  <thead>\r\n    <tr>\r\n      <th class=\"header-cell col-1\"><\/th>\r\n      <th class=\"header-cell col-2\"><\/th>\r\n      <th class=\"header-cell col-3\">Services aux pairs aidants<\/th>\r\n      <th class=\"header-cell col-4\">Services aux pairs aidants familles<\/th>\r\n      <th class=\"header-cell col-5\">R\u00e9gion couverte<\/th>\r\n    <\/tr>\r\n  <\/thead>\r\n  <tbody>\r\n    <tr>\r\n      <td class=\"data-cell col-1\"><a href=\"https:\/\/www.google.com\/url?q=https:\/\/www.aqrp-sm.org\"><img decoding=\"async\" src=\"https:\/\/sarpep.ca\/wp-content\/uploads\/2024\/12\/AQRP.jpg\" alt=\"\" width=\"50\"><\/a><\/td>\r\n      <td class=\"data-cell col-2\"><a href=\"https:\/\/www.google.com\/url?q=https:\/\/www.aqrp-sm.org\">Association qu\u00e9b\u00e9coise pour la r\u00e9adaptation psychosociale (AQRP)<\/a><\/td>\r\n      <td class=\"data-cell col-3\"><img decoding=\"async\" src=\"https:\/\/sarpep.ca\/wp-content\/uploads\/2025\/02\/PA-2.svg\" alt=\"PA\"><\/td>\r\n      <td class=\"data-cell col-4\"><img decoding=\"async\" src=\"https:\/\/sarpep.ca\/wp-content\/uploads\/2025\/02\/PAF.svg\" alt=\"PAF\"><\/td>\r\n      <td class=\"data-cell col-5\"><img decoding=\"async\" src=\"https:\/\/sarpep.ca\/wp-content\/uploads\/2025\/01\/qc.gif\" width=\"40\"><br>Qu\u00e9bec<\/td>\r\n    <\/tr>\r\n    <tr>\r\n      <td class=\"data-cell col-1\"><a href=\"https:\/\/www.google.com\/url?q=https:\/\/www.schizophrenie.qc.ca\/fr\"><img decoding=\"async\" src=\"https:\/\/sarpep.ca\/wp-content\/uploads\/2024\/12\/SQS-logo.jpg\" alt=\"\" width=\"50\"><\/a><\/td>\r\n      <td class=\"data-cell col-2\"><a href=\"https:\/\/www.google.com\/url?q=https:\/\/www.schizophrenie.qc.ca\/fr\">Soci\u00e9t\u00e9 qu\u00e9b\u00e9coise de la schizophr\u00e9nie (SQS)<\/a><\/td>\r\n      <td class=\"data-cell col-3\"><img decoding=\"async\" src=\"https:\/\/sarpep.ca\/wp-content\/uploads\/2025\/02\/PA-2.svg\" alt=\"PA\"><\/td>\r\n      <td class=\"data-cell col-4\"><img decoding=\"async\" src=\"https:\/\/sarpep.ca\/wp-content\/uploads\/2025\/02\/PAF.svg\" alt=\"PAF\"><\/td>\r\n      <td class=\"data-cell col-5\"><img decoding=\"async\" src=\"https:\/\/sarpep.ca\/wp-content\/uploads\/2025\/01\/qc.gif\" width=\"40\"><br>Qu\u00e9bec<\/td>\r\n    <\/tr>\r\n    <tr>\r\n      <td class=\"data-cell col-1\"><a href=\"https:\/\/www.pairaidance.quebec\/\"><img decoding=\"async\" src=\"https:\/\/sarpep.ca\/wp-content\/uploads\/2024\/12\/Pair-aidance-quebec.png\" alt=\"\" width=\"50\"><\/a><\/td>\r\n      <td class=\"data-cell col-2\"><a href=\"https:\/\/www.pairaidance.quebec\/\">Pair-aidance Qu\u00e9bec<\/a><\/td>\r\n      <td class=\"data-cell col-3\"><img decoding=\"async\" src=\"https:\/\/sarpep.ca\/wp-content\/uploads\/2025\/02\/PA-2.svg\" alt=\"PA\"><\/td>\r\n      <td class=\"data-cell col-4\"><\/td>\r\n      <td class=\"data-cell col-5\"><img decoding=\"async\" src=\"https:\/\/sarpep.ca\/wp-content\/uploads\/2025\/01\/qc.gif\" width=\"40\"><br>Qu\u00e9bec<\/td>\r\n    <\/tr>\r\n    <tr>\r\n      <td class=\"data-cell col-1\"><a href=\"https:\/\/www.capsantementale.ca\/\"><img decoding=\"async\" src=\"https:\/\/sarpep.ca\/wp-content\/uploads\/2025\/01\/CAP-sante-mentale.png\" alt=\"\" width=\"50\"><\/a><\/td>\r\n      <td class=\"data-cell col-2\"><a href=\"https:\/\/www.capsantementale.ca\/\">CAP Sant\u00e9 mentale<\/a><\/td>\r\n      <td class=\"data-cell col-3\"><\/td>\r\n      <td class=\"data-cell col-4\"><img decoding=\"async\" src=\"https:\/\/sarpep.ca\/wp-content\/uploads\/2025\/02\/PAF.svg\" alt=\"PAF\"><\/td>\r\n      <td class=\"data-cell col-5\"><img decoding=\"async\" src=\"https:\/\/sarpep.ca\/wp-content\/uploads\/2025\/01\/qc.gif\" width=\"40\"><br>Qu\u00e9bec<\/td>\r\n    <\/tr>\r\n    <tr>\r\n      <td class=\"data-cell col-1\"><a href=\"https:\/\/www.arborescence.quebec\/\"><img decoding=\"async\" src=\"https:\/\/sarpep.ca\/wp-content\/uploads\/2024\/12\/Arborescence.png\" alt=\"\" width=\"50\"><\/a><\/td>\r\n      <td class=\"data-cell col-2\"><a href=\"https:\/\/www.arborescence.quebec\/\">Arborescence<\/a><\/td>\r\n      <td class=\"data-cell col-3\"><\/td>\r\n      <td class=\"data-cell col-4\"><img decoding=\"async\" src=\"https:\/\/sarpep.ca\/wp-content\/uploads\/2025\/02\/PAF.svg\" alt=\"PAF\"><\/td>\r\n      <td class=\"data-cell col-5\"><img decoding=\"async\" src=\"https:\/\/sarpep.ca\/wp-content\/uploads\/2025\/01\/mtl.png\" width=\"60\"><br>Montr\u00e9al<\/td>\r\n    <\/tr>\r\n    <tr>\r\n      <td class=\"data-cell col-1\"><a href=\"https:\/\/amiquebec.org\/\"><img decoding=\"async\" src=\"https:\/\/sarpep.ca\/wp-content\/uploads\/2024\/12\/AMI-quebec.jpg\" alt=\"\" width=\"50\"><\/a><\/td>\r\n      <td class=\"data-cell col-2\"><a href=\"https:\/\/amiquebec.org\/\">AMI-Qu\u00e9bec<\/a><\/td>\r\n      <td class=\"data-cell col-3\"><\/td>\r\n      <td class=\"data-cell col-4\"><img decoding=\"async\" src=\"https:\/\/sarpep.ca\/wp-content\/uploads\/2025\/02\/PAF.svg\" alt=\"PAF\"><\/td>\r\n      <td class=\"data-cell col-5\"><img decoding=\"async\" src=\"https:\/\/sarpep.ca\/wp-content\/uploads\/2025\/01\/mtl.png\" width=\"60\"><br>Montr\u00e9al<\/td>\r\n    <\/tr>\r\n  <\/tbody>\r\n<\/table>\r\n\r\n\r\n\t\t\t\t<\/div>\n\t\t\t\t<\/div>\n\t\t\t\t\t<\/div>\n\t\t\t\t<\/div>\n\t\t\t\t<\/div>\n\t\t","protected":false},"excerpt":{"rendered":"<p>Youth &amp; Family Support Do you also need support? Do you wish to provide support to others? Consult these resources Association qu\u00e9b\u00e9coise pour la r\u00e9adaptation psychosociale (AQRP) Peer support Family peer support Quebec Schizophrenia Society of Quebec (SQS) Peer support Family peer support Quebec Pair-aidance Qu\u00e9bec Peer support Quebec CAP Sant\u00e9 mentale Family peer support &#8230; <a title=\"Youth &amp; Family Support\" class=\"read-more\" href=\"https:\/\/sarpep.ca\/en\/youth-family-support\/\" aria-label=\"Read more about Youth &amp; Family Support\">Read more<\/a><\/p>\n","protected":false},"author":11,"featured_media":0,"parent":0,"menu_order":0,"comment_status":"closed","ping_status":"closed","template":"","meta":{"footnotes":""},"class_list":["post-11260","page","type-page","status-publish"],"_links":{"self":[{"href":"https:\/\/sarpep.ca\/en\/wp-json\/wp\/v2\/pages\/11260","targetHints":{"allow":["GET"]}}],"collection":[{"href":"https:\/\/sarpep.ca\/en\/wp-json\/wp\/v2\/pages"}],"about":[{"href":"https:\/\/sarpep.ca\/en\/wp-json\/wp\/v2\/types\/page"}],"author":[{"embeddable":true,"href":"https:\/\/sarpep.ca\/en\/wp-json\/wp\/v2\/users\/11"}],"replies":[{"embeddable":true,"href":"https:\/\/sarpep.ca\/en\/wp-json\/wp\/v2\/comments?post=11260"}],"version-history":[{"count":1,"href":"https:\/\/sarpep.ca\/en\/wp-json\/wp\/v2\/pages\/11260\/revisions"}],"predecessor-version":[{"id":11290,"href":"https:\/\/sarpep.ca\/en\/wp-json\/wp\/v2\/pages\/11260\/revisions\/11290"}],"wp:attachment":[{"href":"https:\/\/sarpep.ca\/en\/wp-json\/wp\/v2\/media?parent=11260"}],"curies":[{"name":"wp","href":"https:\/\/api.w.org\/{rel}","templated":true}]}}